{"id":15676,"date":"2014-05-08T09:13:14","date_gmt":"2014-05-08T07:13:14","guid":{"rendered":"http:\/\/demo.qodeinteractive.com\/bridge4\/?page_id=15676"},"modified":"2020-11-01T12:36:57","modified_gmt":"2020-11-01T11:36:57","slug":"home","status":"publish","type":"page","link":"http:\/\/www.creativemovie-dinslaken.de\/","title":{"rendered":"Home"},"content":{"rendered":"<p>[vc_row css_animation=&#8220;&#8220; row_type=&#8220;row&#8220; use_row_as_full_screen_section=&#8220;no&#8220; type=&#8220;grid&#8220; angled_section=&#8220;no&#8220; text_align=&#8220;left&#8220; background_image_as_pattern=&#8220;without_pattern&#8220; background_color=&#8220;#f7f7f7&#8243; padding_top=&#8220;0&#8243; padding_bottom=&#8220;32&#8243;][vc_column]<div class=\"q_image_with_text_over\"><div class=\"shader\" ><\/div><img itemprop=\"image\" src=\"http:\/\/www.creativemovie-dinslaken.de\/wp-content\/uploads\/2020\/10\/A734294-scaled.jpg\" alt=\"Herzlich Willkommen\" \/><div class=\"text\"><table><tr><td><h6 class=\"caption no_icon\" style=\"font-size: 64px;\">Herzlich Willkommen<\/h6><\/td><\/tr><\/table><table><tr><td><div class=\"desc\"><\/p>\n<h1 style=\"text-align: center;\"><span style=\"color: #ffffff;\"><strong>Kai Dauvermann<\/strong><\/span><\/h1>\n<h1 style=\"text-align: center;\"><span style=\"color: #ffffff;\"><strong>Video und Fotografie<\/strong><\/span><\/h1>\n<p>&nbsp;<\/p>\n<p>&nbsp;<\/p>\n<h2 style=\"text-align: center;\"><span style=\"color: #ffffff;\">Das ich meine Arbeit liebe, ist kein Geheimnis.\u00a0Wirklich Gl\u00fccklich macht mich, wenn ich meinen Kunden helfen kann, mit gestalterischen Elementen, ihre W\u00fcnsche und Ideen umsetzten zu k\u00f6nnen.\u00a0Gemeinsam etwas Neues zu schaffen, Sie gl\u00fccklich zu machen.<\/span><\/h2>\n<p><\/div><\/td><\/tr><\/table><\/div><\/div>[vc_empty_space][qode_circles columns=&#8220;three_columns&#8220; circle_line=&#8220;no_line&#8220;][\/qode_circles][vc_empty_space][vc_empty_space][\/vc_column][\/vc_row][vc_row css_animation=&#8220;&#8220; row_type=&#8220;row&#8220; use_row_as_full_screen_section=&#8220;no&#8220; type=&#8220;full_width&#8220; angled_section=&#8220;no&#8220; text_align=&#8220;left&#8220; background_image_as_pattern=&#8220;without_pattern&#8220;][vc_column width=&#8220;1\/2&#8243;][\/vc_column][vc_column width=&#8220;1\/2&#8243;][\/vc_column][\/vc_row][vc_row css_animation=&#8220;&#8220; row_type=&#8220;row&#8220; use_row_as_full_screen_section=&#8220;no&#8220; type=&#8220;full_width&#8220; angled_section=&#8220;no&#8220; text_align=&#8220;left&#8220; background_image_as_pattern=&#8220;without_pattern&#8220;][vc_column][\/vc_column][\/vc_row][vc_row css_animation=&#8220;&#8220; row_type=&#8220;row&#8220; use_row_as_full_screen_section=&#8220;no&#8220; type=&#8220;full_width&#8220; angled_section=&#8220;no&#8220; text_align=&#8220;left&#8220; background_image_as_pattern=&#8220;without_pattern&#8220;][vc_column][\/vc_column][\/vc_row]<\/p>\n","protected":false},"excerpt":{"rendered":"<p>[vc_row css_animation=&#8220;&#8220; row_type=&#8220;row&#8220; use_row_as_full_screen_section=&#8220;no&#8220; type=&#8220;grid&#8220; angled_section=&#8220;no&#8220; text_align=&#8220;left&#8220; background_image_as_pattern=&#8220;without_pattern&#8220; background_color=&#8220;#f7f7f7&#8243; padding_top=&#8220;0&#8243; padding_bottom=&#8220;32&#8243;][vc_column][vc_empty_space][qode_circles columns=&#8220;three_columns&#8220; circle_line=&#8220;no_line&#8220;][\/qode_circles][vc_empty_space][vc_empty_space][\/vc_column][\/vc_row][vc_row css_animation=&#8220;&#8220; row_type=&#8220;row&#8220; use_row_as_full_screen_section=&#8220;no&#8220; type=&#8220;full_width&#8220; angled_section=&#8220;no&#8220; text_align=&#8220;left&#8220; background_image_as_pattern=&#8220;without_pattern&#8220;][vc_column width=&#8220;1\/2&#8243;][\/vc_column][vc_column width=&#8220;1\/2&#8243;][\/vc_column][\/vc_row][vc_row css_animation=&#8220;&#8220; row_type=&#8220;row&#8220; use_row_as_full_screen_section=&#8220;no&#8220; type=&#8220;full_width&#8220; angled_section=&#8220;no&#8220; text_align=&#8220;left&#8220; background_image_as_pattern=&#8220;without_pattern&#8220;][vc_column][\/vc_column][\/vc_row][vc_row css_animation=&#8220;&#8220; row_type=&#8220;row&#8220; use_row_as_full_screen_section=&#8220;no&#8220; type=&#8220;full_width&#8220; angled_section=&#8220;no&#8220; text_align=&#8220;left&#8220; background_image_as_pattern=&#8220;without_pattern&#8220;][vc_column][\/vc_column][\/vc_row]<\/p>\n","protected":false},"author":1,"featured_media":18122,"parent":0,"menu_order":0,"comment_status":"closed","ping_status":"closed","template":"","meta":[],"_links":{"self":[{"href":"http:\/\/www.creativemovie-dinslaken.de\/index.php?rest_route=\/wp\/v2\/pages\/15676"}],"collection":[{"href":"http:\/\/www.creativemovie-dinslaken.de\/index.php?rest_route=\/wp\/v2\/pages"}],"about":[{"href":"http:\/\/www.creativemovie-dinslaken.de\/index.php?rest_route=\/wp\/v2\/types\/page"}],"author":[{"embeddable":true,"href":"http:\/\/www.creativemovie-dinslaken.de\/index.php?rest_route=\/wp\/v2\/users\/1"}],"replies":[{"embeddable":true,"href":"http:\/\/www.creativemovie-dinslaken.de\/index.php?rest_route=%2Fwp%2Fv2%2Fcomments&post=15676"}],"version-history":[{"count":212,"href":"http:\/\/www.creativemovie-dinslaken.de\/index.php?rest_route=\/wp\/v2\/pages\/15676\/revisions"}],"predecessor-version":[{"id":19080,"href":"http:\/\/www.creativemovie-dinslaken.de\/index.php?rest_route=\/wp\/v2\/pages\/15676\/revisions\/19080"}],"wp:featuredmedia":[{"embeddable":true,"href":"http:\/\/www.creativemovie-dinslaken.de\/index.php?rest_route=\/wp\/v2\/media\/18122"}],"wp:attachment":[{"href":"http:\/\/www.creativemovie-dinslaken.de\/index.php?rest_route=%2Fwp%2Fv2%2Fmedia&parent=15676"}],"curies":[{"name":"wp","href":"https:\/\/api.w.org\/{rel}","templated":true}]}}